{"id":24,"date":"2024-11-26T12:45:35","date_gmt":"2024-11-26T12:45:35","guid":{"rendered":"http:\/\/localhost\/wordpress\/?page_id=24"},"modified":"2025-01-10T07:37:47","modified_gmt":"2025-01-10T07:37:47","slug":"home","status":"publish","type":"page","link":"https:\/\/icmica-miicafrica.org\/?page_id=24","title":{"rendered":"Home"},"content":{"rendered":"\n<div class=\"wp-block-cover alignfull is-light\"><span aria-hidden=\"true\" class=\"wp-block-cover__background has-background-dim-100 has-background-dim\" style=\"background-color:#ffffff\"><\/span><div class=\"wp-block-cover__inner-container is-layout-flow wp-block-cover-is-layout-flow\">\n<figure class=\"wp-block-image size-full is-resized\"><img loading=\"lazy\" decoding=\"async\" width=\"960\" height=\"432\" src=\"http:\/\/icmica-miicafrica.org\/wp-content\/uploads\/2024\/11\/MIIC.jpg\" alt=\"\" class=\"wp-image-185\" style=\"width:1100px\" srcset=\"https:\/\/icmica-miicafrica.org\/wp-content\/uploads\/2024\/11\/MIIC.jpg 960w, https:\/\/icmica-miicafrica.org\/wp-content\/uploads\/2024\/11\/MIIC-300x135.jpg 300w, https:\/\/icmica-miicafrica.org\/wp-content\/uploads\/2024\/11\/MIIC-768x346.jpg 768w\" sizes=\"auto, (max-width: 960px) 100vw, 960px\" \/><\/figure>\n\n\n\n<h2 class=\"wp-block-heading has-text-color\" style=\"color:#000000;font-size:32px\"><strong>Pax Romana ICMICA Africa<\/strong><\/h2>\n\n\n\n<p class=\"has-text-color\" style=\"color:#000000;padding-top:var(--wp--preset--spacing--50);padding-right:0;padding-bottom:var(--wp--preset--spacing--50);padding-left:0;font-size:17px\">The International Catholic Movement for Intellectual and Cultural Affairs (ICMICA-Pax Romana) is a global community of Catholic intellectuals and professionals engaged in the world with a spirituality of action. Inspired by the Gospel and the Catholic social tradition, we support our members to think, reflect, and act on concrete issues facing our world and our church. <\/p>\n\n\n\n<p class=\"has-text-color\" style=\"color:#000000;font-size:17px\">As a movement, we have identified the following five shared commitments to guide our work in the coming years: Environmental Protection, Migration, and the Future of the Church, Dialogue, and Peace.<\/p>\n\n\n\n<div class=\"wp-block-buttons is-layout-flex wp-block-buttons-is-layout-flex\">\n<div class=\"wp-block-button is-style-fill\"><a class=\"wp-block-button__link wp-element-button\">Learn more<\/a><\/div>\n<\/div>\n\n\n\n<h3 class=\"wp-block-heading has-text-align-center\"><strong>OUR TEAM<\/strong><\/h3>\n<\/div><\/div>\n\n\n\n<div class=\"wp-block-columns is-layout-flex wp-container-core-columns-is-layout-28f84493 wp-block-columns-is-layout-flex\">\n<div class=\"wp-block-column is-layout-flow wp-block-column-is-layout-flow\">\n<figure class=\"wp-block-image size-full\"><img loading=\"lazy\" decoding=\"async\" width=\"768\" height=\"576\" src=\"http:\/\/icmica-miicafrica.org\/wp-content\/uploads\/2024\/12\/Dr-Jules.jpg\" alt=\"\" class=\"wp-image-165\" srcset=\"https:\/\/icmica-miicafrica.org\/wp-content\/uploads\/2024\/12\/Dr-Jules.jpg 768w, https:\/\/icmica-miicafrica.org\/wp-content\/uploads\/2024\/12\/Dr-Jules-300x225.jpg 300w\" sizes=\"auto, (max-width: 768px) 100vw, 768px\" \/><figcaption class=\"wp-element-caption\"><strong><a href=\"https:\/\/icmica-miicafrica.org\/?page_id=159\">DR. FINAGNON JULES ZANNOU<\/a><\/strong><\/figcaption><\/figure>\n<\/div>\n\n\n\n<div class=\"wp-block-column is-layout-flow wp-block-column-is-layout-flow\">\n<figure class=\"wp-block-image size-full\"><img loading=\"lazy\" decoding=\"async\" width=\"720\" height=\"527\" src=\"https:\/\/icmica-miicafrica.org\/wp-content\/uploads\/2024\/12\/WhatsApp-Image-2024-12-11-at-19.20.12-2.jpeg\" alt=\"\" class=\"wp-image-171\" srcset=\"https:\/\/icmica-miicafrica.org\/wp-content\/uploads\/2024\/12\/WhatsApp-Image-2024-12-11-at-19.20.12-2.jpeg 720w, https:\/\/icmica-miicafrica.org\/wp-content\/uploads\/2024\/12\/WhatsApp-Image-2024-12-11-at-19.20.12-2-300x220.jpeg 300w\" sizes=\"auto, (max-width: 720px) 100vw, 720px\" \/><figcaption class=\"wp-element-caption\"><strong>ADV.<\/strong> <strong>ATRANUS METHOD<\/strong><\/figcaption><\/figure>\n<\/div>\n\n\n\n<div class=\"wp-block-column is-layout-flow wp-block-column-is-layout-flow\">\n<figure class=\"wp-block-image size-full\"><img loading=\"lazy\" decoding=\"async\" width=\"716\" height=\"539\" src=\"https:\/\/icmica-miicafrica.org\/wp-content\/uploads\/2024\/12\/PERLARDIE.jpeg\" alt=\"\" class=\"wp-image-173\" srcset=\"https:\/\/icmica-miicafrica.org\/wp-content\/uploads\/2024\/12\/PERLARDIE.jpeg 716w, https:\/\/icmica-miicafrica.org\/wp-content\/uploads\/2024\/12\/PERLARDIE-300x226.jpeg 300w\" sizes=\"auto, (max-width: 716px) 100vw, 716px\" \/><figcaption class=\"wp-element-caption\"><strong>PELARGIA KAPUYA<\/strong><\/figcaption><\/figure>\n<\/div>\n<\/div>\n\n\n\n<div class=\"wp-block-columns is-layout-flex wp-container-core-columns-is-layout-28f84493 wp-block-columns-is-layout-flex\">\n<div class=\"wp-block-column is-layout-flow wp-block-column-is-layout-flow\">\n<p class=\"has-text-align-center\"><\/p>\n<\/div>\n<\/div>\n\n\n\n<h4 class=\"wp-block-heading has-text-align-center\"><strong>OUR ACTIVITIES<\/strong><\/h4>\n\n\n\n<div class=\"wp-block-columns is-layout-flex wp-container-core-columns-is-layout-28f84493 wp-block-columns-is-layout-flex\">\n<div class=\"wp-block-column is-layout-flow wp-block-column-is-layout-flow\">\n<figure class=\"wp-block-image size-large\"><img decoding=\"async\" src=\"http:\/\/icmica-miicafrica.org\/wp-content\/uploads\/2024\/12\/Rice-1-e1735970534454.jpg\" alt=\"\"\/><figcaption class=\"wp-element-caption\">Food security<\/figcaption><\/figure>\n<\/div>\n\n\n\n<div class=\"wp-block-column is-layout-flow wp-block-column-is-layout-flow\">\n<figure class=\"wp-block-image size-large\"><img decoding=\"async\" src=\"http:\/\/icmica-miicafrica.org\/wp-content\/uploads\/2024\/12\/458427063_849848053918092_4445387757727628201_n-e1735970327551.jpg\" alt=\"\"\/><figcaption class=\"wp-element-caption\">Access to clean water<\/figcaption><\/figure>\n<\/div>\n\n\n\n<div class=\"wp-block-column is-layout-flow wp-block-column-is-layout-flow\">\n<figure class=\"wp-block-image size-large\"><img loading=\"lazy\" decoding=\"async\" width=\"1024\" height=\"461\" src=\"http:\/\/icmica-miicafrica.org\/wp-content\/uploads\/2024\/12\/WhatsApp-Image-2024-09-05-at-18.55.00-1-1024x461.jpeg\" alt=\"\" class=\"wp-image-215\" srcset=\"https:\/\/icmica-miicafrica.org\/wp-content\/uploads\/2024\/12\/WhatsApp-Image-2024-09-05-at-18.55.00-1-1024x461.jpeg 1024w, https:\/\/icmica-miicafrica.org\/wp-content\/uploads\/2024\/12\/WhatsApp-Image-2024-09-05-at-18.55.00-1-300x135.jpeg 300w, https:\/\/icmica-miicafrica.org\/wp-content\/uploads\/2024\/12\/WhatsApp-Image-2024-09-05-at-18.55.00-1-768x346.jpeg 768w, https:\/\/icmica-miicafrica.org\/wp-content\/uploads\/2024\/12\/WhatsApp-Image-2024-09-05-at-18.55.00-1.jpeg 1040w\" sizes=\"auto, (max-width: 1024px) 100vw, 1024px\" \/><figcaption class=\"wp-element-caption\">Clean energy and climate-smart technology<\/figcaption><\/figure>\n<\/div>\n<\/div>\n\n\n\n<div class=\"wp-block-columns is-layout-flex wp-container-core-columns-is-layout-28f84493 wp-block-columns-is-layout-flex\">\n<div class=\"wp-block-column is-layout-flow wp-block-column-is-layout-flow\">\n<figure class=\"wp-block-embed is-type-video is-provider-youtube wp-block-embed-youtube wp-embed-aspect-16-9 wp-has-aspect-ratio\"><div class=\"wp-block-embed__wrapper\">\n<iframe loading=\"lazy\" title=\"R\u00e9pondre \u00e0 Laudato Si \u00e0 travers la gestion de la fili\u00e8re de karit\u00e9.Touba, Dioc\u00e8se de San, Mali\" width=\"500\" height=\"281\" src=\"https:\/\/www.youtube.com\/embed\/xnLPlr_wUSM?feature=oembed\" frameborder=\"0\" allow=\"accelerometer; autoplay; clipboard-write; encrypted-media; gyroscope; picture-in-picture; web-share\" referrerpolicy=\"strict-origin-when-cross-origin\" allowfullscreen><\/iframe>\n<\/div><\/figure>\n<\/div>\n\n\n\n<div class=\"wp-block-column is-layout-flow wp-block-column-is-layout-flow\"><\/div>\n\n\n\n<div class=\"wp-block-column is-layout-flow wp-block-column-is-layout-flow\"><\/div>\n<\/div>\n","protected":false},"excerpt":{"rendered":"<p>OUR ACTIVITIES<\/p>\n","protected":false},"author":1,"featured_media":0,"parent":0,"menu_order":0,"comment_status":"closed","ping_status":"closed","template":"","meta":{"footnotes":""},"class_list":["post-24","page","type-page","status-publish","hentry"],"yoast_head":"<!-- This site is optimized with the Yoast SEO plugin v24.1 - https:\/\/yoast.com\/wordpress\/plugins\/seo\/ -->\n<title>Home - ICMICA MIIC AFRICA<\/title>\n<meta name=\"robots\" content=\"index, follow, max-snippet:-1, max-image-preview:large, max-video-preview:-1\" \/>\n<link rel=\"canonical\" href=\"https:\/\/icmica-miicafrica.org\/?page_id=24\" \/>\n<meta property=\"og:locale\" content=\"en_GB\" \/>\n<meta property=\"og:type\" content=\"article\" \/>\n<meta property=\"og:title\" content=\"Home - ICMICA MIIC AFRICA\" \/>\n<meta property=\"og:description\" content=\"OUR ACTIVITIES\" \/>\n<meta property=\"og:url\" content=\"https:\/\/icmica-miicafrica.org\/?page_id=24\" \/>\n<meta property=\"og:site_name\" content=\"ICMICA MIIC AFRICA\" \/>\n<meta property=\"article:publisher\" content=\"https:\/\/www.facebook.com\/paxicmicamiicafrica\/\" \/>\n<meta property=\"article:modified_time\" content=\"2025-01-10T07:37:47+00:00\" \/>\n<meta property=\"og:image\" content=\"https:\/\/icmica-miicafrica.org\/wp-content\/uploads\/2024\/11\/MIIC.jpg\" \/>\n\t<meta property=\"og:image:width\" content=\"960\" \/>\n\t<meta property=\"og:image:height\" content=\"432\" \/>\n\t<meta property=\"og:image:type\" content=\"image\/jpeg\" \/>\n<meta name=\"twitter:card\" content=\"summary_large_image\" \/>\n<meta name=\"twitter:site\" content=\"@icmicaafrica\" \/>\n<meta name=\"twitter:label1\" content=\"Estimated reading time\" \/>\n\t<meta name=\"twitter:data1\" content=\"2 minutes\" \/>\n<script type=\"application\/ld+json\" class=\"yoast-schema-graph\">{\"@context\":\"https:\/\/schema.org\",\"@graph\":[{\"@type\":\"WebPage\",\"@id\":\"https:\/\/icmica-miicafrica.org\/?page_id=24\",\"url\":\"https:\/\/icmica-miicafrica.org\/?page_id=24\",\"name\":\"Home - ICMICA MIIC AFRICA\",\"isPartOf\":{\"@id\":\"https:\/\/icmica-miicafrica.org\/#website\"},\"primaryImageOfPage\":{\"@id\":\"https:\/\/icmica-miicafrica.org\/?page_id=24#primaryimage\"},\"image\":{\"@id\":\"https:\/\/icmica-miicafrica.org\/?page_id=24#primaryimage\"},\"thumbnailUrl\":\"http:\/\/icmica-miicafrica.org\/wp-content\/uploads\/2024\/11\/MIIC.jpg\",\"datePublished\":\"2024-11-26T12:45:35+00:00\",\"dateModified\":\"2025-01-10T07:37:47+00:00\",\"breadcrumb\":{\"@id\":\"https:\/\/icmica-miicafrica.org\/?page_id=24#breadcrumb\"},\"inLanguage\":\"en-GB\",\"potentialAction\":[{\"@type\":\"ReadAction\",\"target\":[\"https:\/\/icmica-miicafrica.org\/?page_id=24\"]}]},{\"@type\":\"ImageObject\",\"inLanguage\":\"en-GB\",\"@id\":\"https:\/\/icmica-miicafrica.org\/?page_id=24#primaryimage\",\"url\":\"https:\/\/icmica-miicafrica.org\/wp-content\/uploads\/2024\/11\/MIIC.jpg\",\"contentUrl\":\"https:\/\/icmica-miicafrica.org\/wp-content\/uploads\/2024\/11\/MIIC.jpg\",\"width\":960,\"height\":432},{\"@type\":\"BreadcrumbList\",\"@id\":\"https:\/\/icmica-miicafrica.org\/?page_id=24#breadcrumb\",\"itemListElement\":[{\"@type\":\"ListItem\",\"position\":1,\"name\":\"Home\",\"item\":\"https:\/\/icmica-miicafrica.org\/\"},{\"@type\":\"ListItem\",\"position\":2,\"name\":\"Home\"}]},{\"@type\":\"WebSite\",\"@id\":\"https:\/\/icmica-miicafrica.org\/#website\",\"url\":\"https:\/\/icmica-miicafrica.org\/\",\"name\":\"ICMICA MIIC AFRICA\",\"description\":\"Just another WordPress site\",\"publisher\":{\"@id\":\"https:\/\/icmica-miicafrica.org\/#organization\"},\"potentialAction\":[{\"@type\":\"SearchAction\",\"target\":{\"@type\":\"EntryPoint\",\"urlTemplate\":\"https:\/\/icmica-miicafrica.org\/?s={search_term_string}\"},\"query-input\":{\"@type\":\"PropertyValueSpecification\",\"valueRequired\":true,\"valueName\":\"search_term_string\"}}],\"inLanguage\":\"en-GB\"},{\"@type\":\"Organization\",\"@id\":\"https:\/\/icmica-miicafrica.org\/#organization\",\"name\":\"ICMICA MIIC AFRICA\",\"url\":\"https:\/\/icmica-miicafrica.org\/\",\"logo\":{\"@type\":\"ImageObject\",\"inLanguage\":\"en-GB\",\"@id\":\"https:\/\/icmica-miicafrica.org\/#\/schema\/logo\/image\/\",\"url\":\"https:\/\/icmica-miicafrica.org\/wp-content\/uploads\/2024\/11\/lo.png\",\"contentUrl\":\"https:\/\/icmica-miicafrica.org\/wp-content\/uploads\/2024\/11\/lo.png\",\"width\":500,\"height\":500,\"caption\":\"ICMICA MIIC AFRICA\"},\"image\":{\"@id\":\"https:\/\/icmica-miicafrica.org\/#\/schema\/logo\/image\/\"},\"sameAs\":[\"https:\/\/www.facebook.com\/paxicmicamiicafrica\/\",\"https:\/\/x.com\/icmicaafrica\"]}]}<\/script>\n<!-- \/ Yoast SEO plugin. -->","yoast_head_json":{"title":"Home - ICMICA MIIC AFRICA","robots":{"index":"index","follow":"follow","max-snippet":"max-snippet:-1","max-image-preview":"max-image-preview:large","max-video-preview":"max-video-preview:-1"},"canonical":"https:\/\/icmica-miicafrica.org\/?page_id=24","og_locale":"en_GB","og_type":"article","og_title":"Home - ICMICA MIIC AFRICA","og_description":"OUR ACTIVITIES","og_url":"https:\/\/icmica-miicafrica.org\/?page_id=24","og_site_name":"ICMICA MIIC AFRICA","article_publisher":"https:\/\/www.facebook.com\/paxicmicamiicafrica\/","article_modified_time":"2025-01-10T07:37:47+00:00","og_image":[{"width":960,"height":432,"url":"https:\/\/icmica-miicafrica.org\/wp-content\/uploads\/2024\/11\/MIIC.jpg","type":"image\/jpeg"}],"twitter_card":"summary_large_image","twitter_site":"@icmicaafrica","twitter_misc":{"Estimated reading time":"2 minutes"},"schema":{"@context":"https:\/\/schema.org","@graph":[{"@type":"WebPage","@id":"https:\/\/icmica-miicafrica.org\/?page_id=24","url":"https:\/\/icmica-miicafrica.org\/?page_id=24","name":"Home - ICMICA MIIC AFRICA","isPartOf":{"@id":"https:\/\/icmica-miicafrica.org\/#website"},"primaryImageOfPage":{"@id":"https:\/\/icmica-miicafrica.org\/?page_id=24#primaryimage"},"image":{"@id":"https:\/\/icmica-miicafrica.org\/?page_id=24#primaryimage"},"thumbnailUrl":"http:\/\/icmica-miicafrica.org\/wp-content\/uploads\/2024\/11\/MIIC.jpg","datePublished":"2024-11-26T12:45:35+00:00","dateModified":"2025-01-10T07:37:47+00:00","breadcrumb":{"@id":"https:\/\/icmica-miicafrica.org\/?page_id=24#breadcrumb"},"inLanguage":"en-GB","potentialAction":[{"@type":"ReadAction","target":["https:\/\/icmica-miicafrica.org\/?page_id=24"]}]},{"@type":"ImageObject","inLanguage":"en-GB","@id":"https:\/\/icmica-miicafrica.org\/?page_id=24#primaryimage","url":"https:\/\/icmica-miicafrica.org\/wp-content\/uploads\/2024\/11\/MIIC.jpg","contentUrl":"https:\/\/icmica-miicafrica.org\/wp-content\/uploads\/2024\/11\/MIIC.jpg","width":960,"height":432},{"@type":"BreadcrumbList","@id":"https:\/\/icmica-miicafrica.org\/?page_id=24#breadcrumb","itemListElement":[{"@type":"ListItem","position":1,"name":"Home","item":"https:\/\/icmica-miicafrica.org\/"},{"@type":"ListItem","position":2,"name":"Home"}]},{"@type":"WebSite","@id":"https:\/\/icmica-miicafrica.org\/#website","url":"https:\/\/icmica-miicafrica.org\/","name":"ICMICA MIIC AFRICA","description":"Just another WordPress site","publisher":{"@id":"https:\/\/icmica-miicafrica.org\/#organization"},"potentialAction":[{"@type":"SearchAction","target":{"@type":"EntryPoint","urlTemplate":"https:\/\/icmica-miicafrica.org\/?s={search_term_string}"},"query-input":{"@type":"PropertyValueSpecification","valueRequired":true,"valueName":"search_term_string"}}],"inLanguage":"en-GB"},{"@type":"Organization","@id":"https:\/\/icmica-miicafrica.org\/#organization","name":"ICMICA MIIC AFRICA","url":"https:\/\/icmica-miicafrica.org\/","logo":{"@type":"ImageObject","inLanguage":"en-GB","@id":"https:\/\/icmica-miicafrica.org\/#\/schema\/logo\/image\/","url":"https:\/\/icmica-miicafrica.org\/wp-content\/uploads\/2024\/11\/lo.png","contentUrl":"https:\/\/icmica-miicafrica.org\/wp-content\/uploads\/2024\/11\/lo.png","width":500,"height":500,"caption":"ICMICA MIIC AFRICA"},"image":{"@id":"https:\/\/icmica-miicafrica.org\/#\/schema\/logo\/image\/"},"sameAs":["https:\/\/www.facebook.com\/paxicmicamiicafrica\/","https:\/\/x.com\/icmicaafrica"]}]}},"_links":{"self":[{"href":"https:\/\/icmica-miicafrica.org\/index.php?rest_route=\/wp\/v2\/pages\/24","targetHints":{"allow":["GET"]}}],"collection":[{"href":"https:\/\/icmica-miicafrica.org\/index.php?rest_route=\/wp\/v2\/pages"}],"about":[{"href":"https:\/\/icmica-miicafrica.org\/index.php?rest_route=\/wp\/v2\/types\/page"}],"author":[{"embeddable":true,"href":"https:\/\/icmica-miicafrica.org\/index.php?rest_route=\/wp\/v2\/users\/1"}],"replies":[{"embeddable":true,"href":"https:\/\/icmica-miicafrica.org\/index.php?rest_route=%2Fwp%2Fv2%2Fcomments&post=24"}],"version-history":[{"count":23,"href":"https:\/\/icmica-miicafrica.org\/index.php?rest_route=\/wp\/v2\/pages\/24\/revisions"}],"predecessor-version":[{"id":283,"href":"https:\/\/icmica-miicafrica.org\/index.php?rest_route=\/wp\/v2\/pages\/24\/revisions\/283"}],"wp:attachment":[{"href":"https:\/\/icmica-miicafrica.org\/index.php?rest_route=%2Fwp%2Fv2%2Fmedia&parent=24"}],"curies":[{"name":"wp","href":"https:\/\/api.w.org\/{rel}","templated":true}]}}