{"id":15,"date":"2024-11-26T12:45:35","date_gmt":"2024-11-26T12:45:35","guid":{"rendered":"http:\/\/localhost\/wordpress\/?page_id=15"},"modified":"2024-12-11T12:39:22","modified_gmt":"2024-12-11T12:39:22","slug":"national-movements","status":"publish","type":"page","link":"https:\/\/icmica-miicafrica.org\/?page_id=15","title":{"rendered":"National Movements"},"content":{"rendered":"\n<div class=\"wp-block-cover alignfull is-light\" style=\"min-height:430px;aspect-ratio:unset;\"><span aria-hidden=\"true\" class=\"wp-block-cover__background has-background-dim-100 has-background-dim\" style=\"background-color:#ffffff\"><\/span><div class=\"wp-block-cover__inner-container is-layout-flow wp-block-cover-is-layout-flow\">\n<p class=\"has-text-align-center has-large-font-size\">ICMICA Africa has 20 national movements: 12 constituent and 08 corresponding members.<\/p>\n\n\n\n<p><strong>Constituent Members<\/strong> <\/p>\n\n\n\n<p>Benin &#8211; Mouvement des Intellectuels Catholiques (MIIC);<br>Cameroon &#8211; Mouvement des Intellectuels Catholiques du Cameroun<br>Congo RDC &#8211; Mouvement des Intellectuels Catholiques de la R\u00e9publique D\u00e9mocratique du Congo<br>C\u00f4te d&#8217;Ivoire &#8211; Mouvement des Intellectuels Catholiques (MIIC C\u00f4te d&#8217;Ivoire)<br>Kenya &#8211; Kenya Movement of Catholic Professionals (KMCP)<br>Madagascar &#8211; Mouvement Chr\u00e9tien de Cadres et de Professionnels (MCCP Madagascar)<br>Rwanda &#8211; Mouvement des Intellectuels Catholiques (MIIC Rwanda)<br>Tanzania &#8211; Christian Professionals of Tanzania (CPT)<br>Togo- Mouvement International des Intellectuels Catholiques (MIIC Togo)<br>Uganda &#8211; Catholic Association of Professionals of Uganda (CAPU)<br>Zambia &#8211;  Zambia Association of Catholic Professionals (ZACP)<br>Zimbabwe &#8211; Catholic Professionals Network Zimbabwe (CPNZ)<\/p>\n\n\n\n<p><strong>Corresponding members<\/strong><\/p>\n\n\n\n<p>Burkina Faso &#8211; Mouvement International des Intellectuels Catholiques (MIIC Burkina Faso)<br>Burundi &#8211; Mouvement International des Intellectuels Catholiques  (MIIC Burundi)<br>Gabon &#8211; Mouvement Chr\u00e9tien des Cadres et Dirigeants du Gabon (MCC-Gabon)<br>Ghana &#8211; International Catholic Movement for Intellectual and Cultural Affairs (ICMICA Ghana)<br>Malawi &#8211; International Catholic Movement for Intellectual and Cultural Affairs (ICMICA Malawi)<br>South Sudan &#8211; Catholic Professionnals of South Sudan (CPSS)<\/p>\n\n\n\n<p>South Africa- International Catholic Movement for Intellectual and Cultural Affairs (ICMICA South Africa)<\/p>\n\n\n\n<p>Mali &#8211; Mouvement International des Intellectuels Catholiques  (MIIC Mali)<\/p>\n\n\n\n<p class=\"has-text-align-center has-large-font-size\">.<\/p>\n<\/div><\/div>\n\n\n\n<p><\/p>\n","protected":false},"excerpt":{"rendered":"","protected":false},"author":1,"featured_media":0,"parent":0,"menu_order":0,"comment_status":"closed","ping_status":"closed","template":"","meta":{"footnotes":""},"class_list":["post-15","page","type-page","status-publish","hentry"],"yoast_head":"<!-- This site is optimized with the Yoast SEO plugin v24.1 - https:\/\/yoast.com\/wordpress\/plugins\/seo\/ -->\n<title>National Movements - ICMICA MIIC AFRICA<\/title>\n<meta name=\"robots\" content=\"index, follow, max-snippet:-1, max-image-preview:large, max-video-preview:-1\" \/>\n<link rel=\"canonical\" href=\"https:\/\/icmica-miicafrica.org\/?page_id=15\" \/>\n<meta property=\"og:locale\" content=\"en_GB\" \/>\n<meta property=\"og:type\" content=\"article\" \/>\n<meta property=\"og:title\" content=\"National Movements - ICMICA MIIC AFRICA\" \/>\n<meta property=\"og:url\" content=\"https:\/\/icmica-miicafrica.org\/?page_id=15\" \/>\n<meta property=\"og:site_name\" content=\"ICMICA MIIC AFRICA\" \/>\n<meta property=\"article:publisher\" content=\"https:\/\/www.facebook.com\/paxicmicamiicafrica\/\" \/>\n<meta property=\"article:modified_time\" content=\"2024-12-11T12:39:22+00:00\" \/>\n<meta name=\"twitter:card\" content=\"summary_large_image\" \/>\n<meta name=\"twitter:site\" content=\"@icmicaafrica\" \/>\n<meta name=\"twitter:label1\" content=\"Estimated reading time\" \/>\n\t<meta name=\"twitter:data1\" content=\"1 minute\" \/>\n<script type=\"application\/ld+json\" class=\"yoast-schema-graph\">{\"@context\":\"https:\/\/schema.org\",\"@graph\":[{\"@type\":\"WebPage\",\"@id\":\"https:\/\/icmica-miicafrica.org\/?page_id=15\",\"url\":\"https:\/\/icmica-miicafrica.org\/?page_id=15\",\"name\":\"National Movements - ICMICA MIIC AFRICA\",\"isPartOf\":{\"@id\":\"https:\/\/icmica-miicafrica.org\/#website\"},\"datePublished\":\"2024-11-26T12:45:35+00:00\",\"dateModified\":\"2024-12-11T12:39:22+00:00\",\"breadcrumb\":{\"@id\":\"https:\/\/icmica-miicafrica.org\/?page_id=15#breadcrumb\"},\"inLanguage\":\"en-GB\",\"potentialAction\":[{\"@type\":\"ReadAction\",\"target\":[\"https:\/\/icmica-miicafrica.org\/?page_id=15\"]}]},{\"@type\":\"BreadcrumbList\",\"@id\":\"https:\/\/icmica-miicafrica.org\/?page_id=15#breadcrumb\",\"itemListElement\":[{\"@type\":\"ListItem\",\"position\":1,\"name\":\"Home\",\"item\":\"https:\/\/icmica-miicafrica.org\/\"},{\"@type\":\"ListItem\",\"position\":2,\"name\":\"National Movements\"}]},{\"@type\":\"WebSite\",\"@id\":\"https:\/\/icmica-miicafrica.org\/#website\",\"url\":\"https:\/\/icmica-miicafrica.org\/\",\"name\":\"ICMICA MIIC AFRICA\",\"description\":\"Just another WordPress site\",\"publisher\":{\"@id\":\"https:\/\/icmica-miicafrica.org\/#organization\"},\"potentialAction\":[{\"@type\":\"SearchAction\",\"target\":{\"@type\":\"EntryPoint\",\"urlTemplate\":\"https:\/\/icmica-miicafrica.org\/?s={search_term_string}\"},\"query-input\":{\"@type\":\"PropertyValueSpecification\",\"valueRequired\":true,\"valueName\":\"search_term_string\"}}],\"inLanguage\":\"en-GB\"},{\"@type\":\"Organization\",\"@id\":\"https:\/\/icmica-miicafrica.org\/#organization\",\"name\":\"ICMICA MIIC AFRICA\",\"url\":\"https:\/\/icmica-miicafrica.org\/\",\"logo\":{\"@type\":\"ImageObject\",\"inLanguage\":\"en-GB\",\"@id\":\"https:\/\/icmica-miicafrica.org\/#\/schema\/logo\/image\/\",\"url\":\"https:\/\/icmica-miicafrica.org\/wp-content\/uploads\/2024\/11\/lo.png\",\"contentUrl\":\"https:\/\/icmica-miicafrica.org\/wp-content\/uploads\/2024\/11\/lo.png\",\"width\":500,\"height\":500,\"caption\":\"ICMICA MIIC AFRICA\"},\"image\":{\"@id\":\"https:\/\/icmica-miicafrica.org\/#\/schema\/logo\/image\/\"},\"sameAs\":[\"https:\/\/www.facebook.com\/paxicmicamiicafrica\/\",\"https:\/\/x.com\/icmicaafrica\"]}]}<\/script>\n<!-- \/ Yoast SEO plugin. -->","yoast_head_json":{"title":"National Movements - ICMICA MIIC AFRICA","robots":{"index":"index","follow":"follow","max-snippet":"max-snippet:-1","max-image-preview":"max-image-preview:large","max-video-preview":"max-video-preview:-1"},"canonical":"https:\/\/icmica-miicafrica.org\/?page_id=15","og_locale":"en_GB","og_type":"article","og_title":"National Movements - ICMICA MIIC AFRICA","og_url":"https:\/\/icmica-miicafrica.org\/?page_id=15","og_site_name":"ICMICA MIIC AFRICA","article_publisher":"https:\/\/www.facebook.com\/paxicmicamiicafrica\/","article_modified_time":"2024-12-11T12:39:22+00:00","twitter_card":"summary_large_image","twitter_site":"@icmicaafrica","twitter_misc":{"Estimated reading time":"1 minute"},"schema":{"@context":"https:\/\/schema.org","@graph":[{"@type":"WebPage","@id":"https:\/\/icmica-miicafrica.org\/?page_id=15","url":"https:\/\/icmica-miicafrica.org\/?page_id=15","name":"National Movements - ICMICA MIIC AFRICA","isPartOf":{"@id":"https:\/\/icmica-miicafrica.org\/#website"},"datePublished":"2024-11-26T12:45:35+00:00","dateModified":"2024-12-11T12:39:22+00:00","breadcrumb":{"@id":"https:\/\/icmica-miicafrica.org\/?page_id=15#breadcrumb"},"inLanguage":"en-GB","potentialAction":[{"@type":"ReadAction","target":["https:\/\/icmica-miicafrica.org\/?page_id=15"]}]},{"@type":"BreadcrumbList","@id":"https:\/\/icmica-miicafrica.org\/?page_id=15#breadcrumb","itemListElement":[{"@type":"ListItem","position":1,"name":"Home","item":"https:\/\/icmica-miicafrica.org\/"},{"@type":"ListItem","position":2,"name":"National Movements"}]},{"@type":"WebSite","@id":"https:\/\/icmica-miicafrica.org\/#website","url":"https:\/\/icmica-miicafrica.org\/","name":"ICMICA MIIC AFRICA","description":"Just another WordPress site","publisher":{"@id":"https:\/\/icmica-miicafrica.org\/#organization"},"potentialAction":[{"@type":"SearchAction","target":{"@type":"EntryPoint","urlTemplate":"https:\/\/icmica-miicafrica.org\/?s={search_term_string}"},"query-input":{"@type":"PropertyValueSpecification","valueRequired":true,"valueName":"search_term_string"}}],"inLanguage":"en-GB"},{"@type":"Organization","@id":"https:\/\/icmica-miicafrica.org\/#organization","name":"ICMICA MIIC AFRICA","url":"https:\/\/icmica-miicafrica.org\/","logo":{"@type":"ImageObject","inLanguage":"en-GB","@id":"https:\/\/icmica-miicafrica.org\/#\/schema\/logo\/image\/","url":"https:\/\/icmica-miicafrica.org\/wp-content\/uploads\/2024\/11\/lo.png","contentUrl":"https:\/\/icmica-miicafrica.org\/wp-content\/uploads\/2024\/11\/lo.png","width":500,"height":500,"caption":"ICMICA MIIC AFRICA"},"image":{"@id":"https:\/\/icmica-miicafrica.org\/#\/schema\/logo\/image\/"},"sameAs":["https:\/\/www.facebook.com\/paxicmicamiicafrica\/","https:\/\/x.com\/icmicaafrica"]}]}},"_links":{"self":[{"href":"https:\/\/icmica-miicafrica.org\/index.php?rest_route=\/wp\/v2\/pages\/15","targetHints":{"allow":["GET"]}}],"collection":[{"href":"https:\/\/icmica-miicafrica.org\/index.php?rest_route=\/wp\/v2\/pages"}],"about":[{"href":"https:\/\/icmica-miicafrica.org\/index.php?rest_route=\/wp\/v2\/types\/page"}],"author":[{"embeddable":true,"href":"https:\/\/icmica-miicafrica.org\/index.php?rest_route=\/wp\/v2\/users\/1"}],"replies":[{"embeddable":true,"href":"https:\/\/icmica-miicafrica.org\/index.php?rest_route=%2Fwp%2Fv2%2Fcomments&post=15"}],"version-history":[{"count":10,"href":"https:\/\/icmica-miicafrica.org\/index.php?rest_route=\/wp\/v2\/pages\/15\/revisions"}],"predecessor-version":[{"id":153,"href":"https:\/\/icmica-miicafrica.org\/index.php?rest_route=\/wp\/v2\/pages\/15\/revisions\/153"}],"wp:attachment":[{"href":"https:\/\/icmica-miicafrica.org\/index.php?rest_route=%2Fwp%2Fv2%2Fmedia&parent=15"}],"curies":[{"name":"wp","href":"https:\/\/api.w.org\/{rel}","templated":true}]}}